{"id":137,"date":"2016-12-14T17:26:28","date_gmt":"2016-12-14T17:26:28","guid":{"rendered":"https:\/\/the7.io\/coming-soon-01\/?page_id=137"},"modified":"2019-08-17T21:50:27","modified_gmt":"2019-08-17T21:50:27","slug":"coming-soon-navigation","status":"publish","type":"page","link":"https:\/\/www.guestid.info\/index.php\/coming-soon-navigation\/","title":{"rendered":"Coming Soon Navigation"},"content":{"rendered":"<div class=\"wpb-content-wrapper\"><p>[vc_row full_width=&#8220;stretch_row&#8220; full_height=&#8220;yes&#8220; bg_type=&#8220;image&#8220; parallax_style=&#8220;vcpb-default&#8220; bg_image_new=&#8220;id^135|url^https:\/\/www.guestid.info\/wp-content\/uploads\/2016\/12\/coming-soon-the7-bg-90.jpg|caption^null|alt^null|title^coming-soon-the7-bg-90|description^null&#8220; bg_image_repeat=&#8220;no-repeat&#8220; bg_img_attach=&#8220;fixed&#8220; bg_override=&#8220;ex-full&#8220; enable_overlay=&#8220;enable_overlay_value&#8220; overlay_color=&#8220;rgba(0,0,0,0.45)&#8220; type=&#8220;vc_default&#8220; css=&#8220;.vc_custom_1481745366869{background-color: #000000 !important;}&#8220; el_id=&#8220;counter&#8220;][vc_column width=&#8220;5\/6&#8243; css=&#8220;.vc_custom_1511360735758{margin-right: 20px !important;margin-left: 20px !important;border-top-width: 0px !important;border-right-width: 0px !important;border-bottom-width: 0px !important;border-left-width: 0px !important;padding-top: 55px !important;padding-right: 50px !important;padding-bottom: 60px !important;padding-left: 50px !important;background-color: rgba(255,255,255,0.1) !important;*background-color: rgb(255,255,255) !important;border-left-color: #ffffff !important;border-left-style: solid !important;border-right-color: #ffffff !important;border-right-style: solid !important;border-top-color: #ffffff !important;border-top-style: solid !important;border-bottom-color: #ffffff !important;border-bottom-style: solid !important;}&#8220; offset=&#8220;vc_col-lg-offset-2 vc_col-lg-8 vc_col-md-offset-2 vc_col-md-8 vc_col-sm-offset-1&#8243;]<style type=\"text\/css\" data-type=\"the7_shortcodes-inline-css\">.shortcode-single-image-wrap.shortcode-single-image-105570c5964f9e8f110013e7e4cfeee3.enable-bg-rollover .rollover i,\n.shortcode-single-image-wrap.shortcode-single-image-105570c5964f9e8f110013e7e4cfeee3.enable-bg-rollover .rollover-video i {\n  background: ;\n  background: -webkit-linear-gradient();\n  background: linear-gradient();\n}\n.shortcode-single-image-wrap.shortcode-single-image-105570c5964f9e8f110013e7e4cfeee3 .rollover-icon {\n  font-size: 32px;\n  color: #ffffff;\n  min-width: 44px;\n  min-height: 44px;\n  line-height: 44px;\n  border-radius: 100px;\n  border-style: solid;\n  border-width: 0px;\n}\n.dt-icon-bg-on.shortcode-single-image-wrap.shortcode-single-image-105570c5964f9e8f110013e7e4cfeee3 .rollover-icon {\n  background: rgba(255,255,255,0.3);\n  -webkit-box-shadow: none;\n  box-shadow: none;\n}<\/style><div class=\"shortcode-single-image-wrap shortcode-single-image-105570c5964f9e8f110013e7e4cfeee3 alignnone  vc_custom_1565939275515 enable-bg-rollover dt-icon-bg-off\" ><div class=\"shortcode-single-image\"><div class=\"fancy-media-wrap  layzr-bg\" style=\"\"><img decoding=\"async\" class=\"preload-me lazy-load aspect\" src=\"data:image\/svg+xml,%3Csvg%20xmlns%3D&#39;http%3A%2F%2Fwww.w3.org%2F2000%2Fsvg&#39;%20viewBox%3D&#39;0%200%20367%2098&#39;%2F%3E\" data-src=\"https:\/\/www.guestid.info\/wp-content\/uploads\/2019\/08\/logo-guest-ID-weiss-367x98.png\" data-srcset=\"https:\/\/www.guestid.info\/wp-content\/uploads\/2019\/08\/logo-guest-ID-weiss-367x98.png 367w, https:\/\/www.guestid.info\/wp-content\/uploads\/2019\/08\/logo-guest-ID-weiss-734x196.png 734w\" loading=\"eager\" sizes=\"(max-width: 367px) 100vw, 367px\" width=\"367\" height=\"98\"  data-dt-location=\"https:\/\/www.guestid.info\/index.php\/coming-soon-navigation\/logo-guest-id-weiss\/\" style=\"--ratio: 367 \/ 98;\" alt=\"\" \/><\/div><\/div><\/div><div id=\"ultimate-heading-652169e1f38fb4772\" class=\"uvc-heading ult-adjust-bottom-margin ultimate-heading-652169e1f38fb4772 uvc-5078 \" data-hspacer=\"no_spacer\"  data-halign=\"center\" style=\"text-align:center\"><div class=\"uvc-heading-spacer no_spacer\" style=\"top\"><\/div><div class=\"uvc-main-heading ult-responsive\"  data-ultimate-target='.uvc-heading.ultimate-heading-652169e1f38fb4772 h2'  data-responsive-json-new='{\"font-size\":\"desktop:34px;\",\"line-height\":\"desktop:44px;\"}' ><h2 style=\"--font-weight:theme;color:#ffffff;margin-bottom:15px;\">Wartungsarbeiten<\/h2><\/div><div class=\"uvc-sub-heading ult-responsive\"  data-ultimate-target='.uvc-heading.ultimate-heading-652169e1f38fb4772 .uvc-sub-heading '  data-responsive-json-new='{\"font-size\":\"desktop:16px;\",\"line-height\":\"desktop:28px;\"}'  style=\"font-weight:normal;color:rgba(255,255,255,0.5);margin-bottom:45px;\">Wir f\u00fchren gerade Wartungsarbeiten f\u00fcr Sie durch und sind bald wieder f\u00fcr sie da.<\/div><\/div>[\/vc_column][\/vc_row][vc_row full_width=&#8220;stretch_row&#8220; full_height=&#8220;yes&#8220; bg_type=&#8220;image&#8220; parallax_style=&#8220;vcpb-default&#8220; bg_image_new=&#8220;id^135|url^https:\/\/www.guestid.info\/wp-content\/uploads\/2016\/12\/coming-soon-the7-bg-90.jpg|caption^null|alt^null|title^coming-soon-the7-bg-90|description^null&#8220; bg_image_repeat=&#8220;no-repeat&#8220; bg_img_attach=&#8220;fixed&#8220; bg_override=&#8220;ex-full&#8220; enable_overlay=&#8220;enable_overlay_value&#8220; overlay_color=&#8220;rgba(0,0,0,0.45)&#8220; type=&#8220;vc_default&#8220; css=&#8220;.vc_custom_1481745378436{background-color: #000000 !important;}&#8220; el_id=&#8220;contact&#8220;][vc_column width=&#8220;5\/6&#8243; css=&#8220;.vc_custom_1511360697431{margin-right: 20px !important;margin-left: 20px !important;border-top-width: 0px !important;border-right-width: 0px !important;border-bottom-width: 0px !important;border-left-width: 0px !important;padding-top: 55px !important;padding-right: 50px !important;padding-bottom: 0px !important;padding-left: 50px !important;background-color: rgba(255,255,255,0.1) !important;*background-color: rgb(255,255,255) !important;border-left-color: #ffffff !important;border-left-style: solid !important;border-right-color: #ffffff !important;border-right-style: solid !important;border-top-color: #ffffff !important;border-top-style: solid !important;border-bottom-color: #ffffff !important;border-bottom-style: solid !important;}&#8220; offset=&#8220;vc_col-lg-offset-2 vc_col-lg-8 vc_col-md-offset-2 vc_col-md-8 vc_col-sm-offset-1&#8243;]<div id=\"ultimate-heading-78069e1f38fb47fd\" class=\"uvc-heading ult-adjust-bottom-margin ultimate-heading-78069e1f38fb47fd uvc-9312 accent-border-color\" data-hspacer=\"line_only\"  data-halign=\"center\" style=\"text-align:center\"><div class=\"uvc-main-heading ult-responsive\"  data-ultimate-target='.uvc-heading.ultimate-heading-78069e1f38fb47fd h2'  data-responsive-json-new='{\"font-size\":\"desktop:34px;\",\"line-height\":\"desktop:44px;\"}' ><h2 style=\"--font-weight:theme;color:#ffffff;margin-bottom:10px;\">KONTAKT<\/h2><\/div><div class=\"uvc-heading-spacer line_only\" style=\"margin-bottom:60px;height:3px;\"><span class=\"uvc-headings-line\" style=\"border-style:solid;border-bottom-width:3px;border-color:#ccc;width:80px;\"><\/span><\/div><\/div>[vc_row_inner css=&#8220;.vc_custom_1511360614807{margin-bottom: 50px !important;}&#8220;][vc_column_inner width=&#8220;1\/2&#8243;]<div class=\"aio-icon-component  vc_custom_1565939641397   style_1\"><div id=\"Info-box-wrap-2459\" class=\"aio-icon-box default-icon\" style=\"\"  ><div class=\"aio-icon-header\" ><h3 class=\"aio-icon-title ult-responsive\"  data-ultimate-target='#Info-box-wrap-2459 .aio-icon-title'  data-responsive-json-new='{\"font-size\":\"desktop:13px;\",\"line-height\":\"desktop:15px;\"}'  style=\"font-weight:bold;color:rgba(255,255,255,0.5);\">Telefon<\/h3><\/div> <!-- header --><div class=\"aio-icon-description ult-responsive\"  data-ultimate-target='#Info-box-wrap-2459 .aio-icon-description'  data-responsive-json-new='{\"font-size\":\"desktop:24px;\",\"line-height\":\"desktop:26px;\"}'  style=\"color:#ffffff;\">+49 211 9595-8000<\/div> <!-- description --><\/div> <!-- aio-icon-box --><\/div> <!-- aio-icon-component --><div class=\"aio-icon-component  vc_custom_1565939650398   style_1\"><div id=\"Info-box-wrap-1229\" class=\"aio-icon-box default-icon\" style=\"\"  ><div class=\"aio-icon-header\" ><h3 class=\"aio-icon-title ult-responsive\"  data-ultimate-target='#Info-box-wrap-1229 .aio-icon-title'  data-responsive-json-new='{\"font-size\":\"desktop:13px;\",\"line-height\":\"desktop:15px;\"}'  style=\"font-weight:bold;color:rgba(255,255,255,0.5);\">Email<\/h3><\/div> <!-- header --><div class=\"aio-icon-description ult-responsive\"  data-ultimate-target='#Info-box-wrap-1229 .aio-icon-description'  data-responsive-json-new='{\"font-size\":\"desktop:16px;\",\"line-height\":\"desktop:26px;\"}'  style=\"color:#ffffff;\">hello@guestid.de<\/div> <!-- description --><\/div> <!-- aio-icon-box --><\/div> <!-- aio-icon-component --><div class=\"aio-icon-component  vc_custom_1565939657562   style_1\"><div id=\"Info-box-wrap-1771\" class=\"aio-icon-box default-icon\" style=\"\"  ><div class=\"aio-icon-header\" ><h3 class=\"aio-icon-title ult-responsive\"  data-ultimate-target='#Info-box-wrap-1771 .aio-icon-title'  data-responsive-json-new='{\"font-size\":\"desktop:13px;\",\"line-height\":\"desktop:15px;\"}'  style=\"font-weight:bold;color:rgba(255,255,255,0.5);\">Addresse<\/h3><\/div> <!-- header --><div class=\"aio-icon-description ult-responsive\"  data-ultimate-target='#Info-box-wrap-1771 .aio-icon-description'  data-responsive-json-new='{\"font-size\":\"desktop:16px;\",\"line-height\":\"desktop:26px;\"}'  style=\"color:#ffffff;\">guestID GmbH<br \/>\nGoethestrasse 75<br \/>\n40237 D\u00fcsseldorf<br \/>\nDeutschland<\/div> <!-- description --><\/div> <!-- aio-icon-box --><\/div> <!-- aio-icon-component -->[\/vc_column_inner][\/vc_row_inner][\/vc_column][\/vc_row]<\/p>\n<\/div>","protected":false},"excerpt":{"rendered":"<p>[vc_row full_width=&#8220;stretch_row&#8220; full_height=&#8220;yes&#8220; bg_type=&#8220;image&#8220; parallax_style=&#8220;vcpb-default&#8220; bg_image_new=&#8220;id^135|url^https:\/\/www.guestid.info\/wp-content\/uploads\/2016\/12\/coming-soon-the7-bg-90.jpg|caption^null|alt^null|title^coming-soon-the7-bg-90|description^null&#8220; bg_image_repeat=&#8220;no-repeat&#8220; bg_img_attach=&#8220;fixed&#8220; bg_override=&#8220;ex-full&#8220; enable_overlay=&#8220;enable_overlay_value&#8220; overlay_color=&#8220;rgba(0,0,0,0.45)&#8220; type=&#8220;vc_default&#8220; css=&#8220;.vc_custom_1481745366869{background-color: #000000 !important;}&#8220; el_id=&#8220;counter&#8220;][vc_column width=&#8220;5\/6&#8243; css=&#8220;.vc_custom_1511360735758{margin-right: 20px !important;margin-left: 20px !important;border-top-width: 0px !important;border-right-width: 0px !important;border-bottom-width: 0px !important;border-left-width: 0px !important;padding-top: 55px !important;padding-right: 50px !important;padding-bottom: 60px !important;padding-left: 50px !important;background-color: rgba(255,255,255,0.1) !important;*background-color: rgb(255,255,255) !important;border-left-color: #ffffff !important;border-left-style: solid !important;border-right-color: #ffffff !important;border-right-style: solid !important;border-top-color: #ffffff !important;border-top-style: solid !important;border-bottom-color: #ffffff&hellip;<\/p>\n","protected":false},"author":1,"featured_media":0,"parent":0,"menu_order":0,"comment_status":"closed","ping_status":"closed","template":"template-microsite.php","meta":{"footnotes":""},"class_list":["post-137","page","type-page","status-publish","hentry","description-off"],"_links":{"self":[{"href":"https:\/\/www.guestid.info\/index.php\/wp-json\/wp\/v2\/pages\/137","targetHints":{"allow":["GET"]}}],"collection":[{"href":"https:\/\/www.guestid.info\/index.php\/wp-json\/wp\/v2\/pages"}],"about":[{"href":"https:\/\/www.guestid.info\/index.php\/wp-json\/wp\/v2\/types\/page"}],"author":[{"embeddable":true,"href":"https:\/\/www.guestid.info\/index.php\/wp-json\/wp\/v2\/users\/1"}],"replies":[{"embeddable":true,"href":"https:\/\/www.guestid.info\/index.php\/wp-json\/wp\/v2\/comments?post=137"}],"version-history":[{"count":9,"href":"https:\/\/www.guestid.info\/index.php\/wp-json\/wp\/v2\/pages\/137\/revisions"}],"predecessor-version":[{"id":255,"href":"https:\/\/www.guestid.info\/index.php\/wp-json\/wp\/v2\/pages\/137\/revisions\/255"}],"wp:attachment":[{"href":"https:\/\/www.guestid.info\/index.php\/wp-json\/wp\/v2\/media?parent=137"}],"curies":[{"name":"wp","href":"https:\/\/api.w.org\/{rel}","templated":true}]}}